{"id":437,"date":"2020-12-07T09:59:23","date_gmt":"2020-12-07T09:59:23","guid":{"rendered":"http:\/\/saborrural.es\/?page_id=437"},"modified":"2021-11-19T12:26:58","modified_gmt":"2021-11-19T11:26:58","slug":"politica-cookies","status":"publish","type":"page","link":"https:\/\/saborruralgalicia.com\/en\/politica-cookies\/","title":{"rendered":"Pol\u00edtica de Cookies"},"content":{"rendered":"<div class=\"wpb-content-wrapper\"><div class=\"vc_row wpb_row vc_row-fluid\"><div class=\"wpb_column vc_column_container vc_col-sm-12\"><div class=\"vc_column-inner\"><div class=\"wpb_wrapper\"><div class=\"vc_row wpb_row vc_inner vc_row-fluid\"><div class=\"wpb_column vc_column_container vc_col-sm-12\"><div class=\"vc_column-inner\"><div class=\"wpb_wrapper\">\n\t<div class=\"wpb_text_column wpb_content_element\" >\n\t\t<div class=\"wpb_wrapper\">\n\t\t\t<h2>\u00bfQu\u00e9 es una cookie?<\/h2>\n<p>Una cookie es un fichero de texto inofensivo que se almacena en tu navegador cuando visitas casi cualquier p\u00e1gina web. La utilidad de la cookie es que la web sea capaz de recordar tu visita cuando vuelvas a navegar por esa p\u00e1gina.<\/p>\n<h2>\u00bfQu\u00e9 informaci\u00f3n almacena una cookie?<\/h2>\n<p>Las cookies no suelen almacenar informaci\u00f3n sensible tuya, como tarjetas de cr\u00e9dito o datos bancarios, fotograf\u00edas o informaci\u00f3n personal, etc. Los datos que guardan son de car\u00e1cter t\u00e9cnico, estad\u00edsticos, preferencias personales, personalizaci\u00f3n de contenidos, etc.<\/p>\n<p>El servidor web no lo asocia contigo como persona sino a tu navegador web. De hecho, si navegas habitualmente con el navegador Chrome y pruebas a navegar por la misma web con el navegador Firefox, ver\u00e1s que la web no se da cuenta que eres la misma persona porque en realidad est\u00e1 asociando la informaci\u00f3n al navegador, no a la persona.<\/p>\n<h2>\u00bfQu\u00e9 tipo de cookies existen?<\/h2>\n<ul>\n<li>Cookies t\u00e9cnicas: Son las m\u00e1s elementales y permiten, entre otras cosas, saber cu\u00e1ndo est\u00e1 navegando un humano o una aplicaci\u00f3n automatizada, cu\u00e1ndo navega un usuario an\u00f3nimo y uno registrado, tareas b\u00e1sicas para el funcionamiento de cualquier web din\u00e1mica.<\/li>\n<li>Cookies de an\u00e1lisis: Recogen informaci\u00f3n sobre el tipo de navegaci\u00f3n que est\u00e1 realizando, las secciones que m\u00e1s utiliza, productos consultados, franja horaria de uso, idioma, etc.<\/li>\n<li>Cookies publicitarias: Muestran publicidad en funci\u00f3n de tu navegaci\u00f3n, tu pa\u00eds de procedencia, idioma, etc.<\/li>\n<\/ul>\n<h2>\u00bfQu\u00e9 son las cookies propias y las de terceros?<\/h2>\n<p>Las cookies propias son las generadas por la p\u00e1gina que est\u00e1s visitando y las de terceros son las generadas por servicios o proveedores externos.<\/p>\n<h2>\u00bfQu\u00e9 cookies utiliza esta web?<\/h2>\n<p>Esta web utiliza las siguientes cookies propias y de terceros:<\/p>\n<h3>Cookies propias:<\/h3>\n<p>Inicio de sesi\u00f3n: Las cookies para iniciar sesi\u00f3n te permiten entrar y salir de tu cuenta.<\/p>\n<p>Personalizaci\u00f3n: Las cookies me ayudan a recordar con qu\u00e9 personas o sitios web has interactuado, para que pueda mostrarte contenido relacionado.<\/p>\n<p>Preferencias: Las cookies me permiten recordar tus ajustes y preferencias, como el idioma preferido y tu configuraci\u00f3n de privacidad.<\/p>\n<p>Seguridad: Utilizo cookies para evitarte riesgos de seguridad. Principalmente para detectar cu\u00e1ndo alguien est\u00e1 intentando piratear tu cuenta.<\/p>\n<h3>Cookies de terceros:<\/h3>\n<p>Esta web utiliza servicios de an\u00e1lisis, concretamente, Google Analytics para ayudar al website a analizar el uso que hacen los usuarios del sitio web y mejorar la usabilidad del mismo, pero en ning\u00fan caso se asocian a datos que pudieran llegar a identificar al usuario. Google Analytics, es un servicio anal\u00edtico de web prestado por Google, Inc., El usuario puede consultar aqu\u00ed el tipo de cookies utilizadas por Google.<\/p>\n<p>Este sitio web es usuario de la plataforma de suministro y alojamiento de blogs WordPress, propiedad de la empresa norteamericana Automattic, Inc. A tales efectos, los usos de tales cookies por los sistemas nunca est\u00e1n bajo control o gesti\u00f3n del responsable de la web, pueden cambiar su funci\u00f3n en cualquier momento, y entrar cookies nuevas. Estas cookies tampoco reportan al responsable de esta web beneficio alguno. Automattic, Inc., utiliza adem\u00e1s otras cookies con la finalidad de ayudar a identificar y rastrear a los visitantes de los sitios de WordPress, conocer el uso que hacen del sitio web de Automattic, as\u00ed como sus preferencias de acceso al mismo, tal y como se recoge en el apartado \u201cCookies\u201d de su pol\u00edtica de privacidad.<\/p>\n<p>Las cookies de redes sociales pueden almacenarse en tu navegador mientras navegas por este sitio web, por ejemplo, cuando utilizas el bot\u00f3n de compartir contenidos en alguna red social.<\/p>\n<h2>\u00bfQu\u00e9 ocurre si desactivo las cookies?<\/h2>\n<p>Para que entiendas el alcance que puede tener desactivar las cookies te muestro unos ejemplos:<\/p>\n<ul>\n<li>No podr\u00e1s compartir contenidos de esa web en las redes sociales.<\/li>\n<li>El sitio web no podr\u00e1 adaptar los contenidos a tus preferencias personales, como suele ocurrir en las tiendas online.<\/li>\n<li>No podr\u00e1s acceder al \u00e1rea personal de esa web, como por ejemplo Mi cuenta, o Mi perfil o Mis pedidos.<\/li>\n<li>Tiendas online: te ser\u00e1 imposible realizar compras online, tendr\u00e1n que ser telef\u00f3nicas o visitando la tienda f\u00edsica si es que dispone de ella.<\/li>\n<li>No ser\u00e1 posible personalizar tus preferencias geogr\u00e1ficas como franja horaria, divisa o idioma.<\/li>\n<li>El sitio web no podr\u00e1 realizar anal\u00edticas web sobre visitantes y tr\u00e1fico en la web, lo que dificultar\u00e1 que la web sea competitiva.<\/li>\n<li>No podr\u00e1s escribir en el blog, no podr\u00e1s subir fotos, publicar comentarios, valorar o puntuar contenidos. La web tampoco podr\u00e1 saber si eres un humano o una aplicaci\u00f3n automatizada que publica spam.<\/li>\n<li>No se podr\u00e1 mostrar publicidad sectorizada, lo que reducir\u00e1 los ingresos publicitarios de la web.<\/li>\n<li>Todas las redes sociales usan cookies, si las desactivas no podr\u00e1s utilizar ninguna red social.<\/li>\n<\/ul>\n<h2>\u00bfSe pueden eliminar las cookies?<\/h2>\n<p>S\u00ed, y no s\u00f3lo eliminar, tambi\u00e9n bloquear, de forma general o particular para un dominio espec\u00edfico.<br \/>\nPara eliminar las cookies de un sitio web debes ir a la configuraci\u00f3n de tu navegador y all\u00ed podr\u00e1s buscar las asociadas al dominio en cuesti\u00f3n y proceder a su eliminaci\u00f3n.<\/p>\n<ul>\n<li>Configuraci\u00f3n de cookies para <a href=\"https:\/\/support.google.com\/chrome\/answer\/95647?hl=es\">Google Chrome<\/a><\/li>\n<li>Configuraci\u00f3n de cookies para <a href=\"https:\/\/support.apple.com\/es-es\/HT201265\">Apple Safari<\/a><\/li>\n<li>Configuraci\u00f3n de cookies para <a href=\"https:\/\/support.microsoft.com\/en-us\/help\/17442\/windows-internet-explorer-delete-manage-cookies#ie=ie-10\">Internet Explorer<\/a><\/li>\n<li>Configuraci\u00f3n de cookies para <a href=\"https:\/\/support.mozilla.org\/es\/kb\/habilitar-y-deshabilitar-cookies-sitios-web-rastrear-preferencias?redirectlocale=es&amp;redirectslug=habilitar-y-deshabilitar-cookies-que-los-sitios-we\">Mozilla Firefox<\/a><\/li>\n<\/ul>\n<h2>M\u00e1s informaci\u00f3n sobre las cookies<\/h2>\n<p>Puedes consultar el reglamento sobre cookies publicado por la Agencia Espa\u00f1ola de Protecci\u00f3n de Datos en su \u201cGu\u00eda sobre el uso de las cookies\u201d y obtener m\u00e1s informaci\u00f3n sobre las cookies en Internet, http:\/\/www.aboutcookies.org\/<\/p>\n<p>Si deseas tener un mayor control sobre la instalaci\u00f3n de cookies, puedes instalar programas o complementos a tu navegador, conocidos como herramientas de \u201cDo Not Track\u201d, que te permitir\u00e1n escoger aquellas cookies que deseas permitir.<\/p>\n\n\t\t<\/div>\n\t<\/div>\n<\/div><\/div><\/div><\/div><\/div><\/div><\/div><\/div>\n<\/div>","protected":false},"excerpt":{"rendered":"\u00bfQu\u00e9 es una cookie? Una cookie es un fichero de texto inofensivo que se almacena en tu navegador cuando visitas","protected":false},"author":1,"featured_media":0,"parent":0,"menu_order":0,"comment_status":"closed","ping_status":"closed","template":"","meta":{"_acf_changed":false,"footnotes":""},"class_list":["post-437","page","type-page","status-publish","hentry"],"better_featured_image":null,"acf":[],"yoast_head":"<!-- This site is optimized with the Yoast SEO plugin v26.1.1 - https:\/\/yoast.com\/wordpress\/plugins\/seo\/ -->\n<title>Sabor Rural Galicia - Tienda online de productos alimentarios gourmet<\/title>\n<meta name=\"description\" content=\"Alimentos gallegos enviados directamente desde sus productores a tu casa. Producci\u00f3n artesanal de vinos, licores, quesos, pulpo, conservas y mucho m\u00e1s.\" \/>\n<meta name=\"robots\" content=\"noindex, follow, max-snippet:-1, max-image-preview:large, max-video-preview:-1\" \/>\n<meta property=\"og:locale\" content=\"en_GB\" \/>\n<meta property=\"og:type\" content=\"article\" \/>\n<meta property=\"og:title\" content=\"Sabor Rural Galicia - Tienda online de productos alimentarios gourmet\" \/>\n<meta property=\"og:description\" content=\"Alimentos gallegos enviados directamente desde sus productores a tu casa. Producci\u00f3n artesanal de vinos, licores, quesos, pulpo, conservas y mucho m\u00e1s.\" \/>\n<meta property=\"og:url\" content=\"https:\/\/saborruralgalicia.com\/en\/politica-cookies\/\" \/>\n<meta property=\"og:site_name\" content=\"Sabor Rural Galicia\" \/>\n<meta property=\"article:publisher\" content=\"https:\/\/www.facebook.com\/SaborRuralGalicia\" \/>\n<meta property=\"article:modified_time\" content=\"2021-11-19T11:26:58+00:00\" \/>\n<meta property=\"og:image\" content=\"https:\/\/saborruralgalicia.com\/wp-content\/uploads\/2021\/11\/srg-mini.png\" \/>\n\t<meta property=\"og:image:width\" content=\"590\" \/>\n\t<meta property=\"og:image:height\" content=\"286\" \/>\n\t<meta property=\"og:image:type\" content=\"image\/png\" \/>\n<meta name=\"twitter:card\" content=\"summary_large_image\" \/>\n<meta name=\"twitter:site\" content=\"@SaborRuralGal\" \/>\n<meta name=\"twitter:label1\" content=\"Estimated reading time\" \/>\n\t<meta name=\"twitter:data1\" content=\"5 minutes\" \/>\n<script type=\"application\/ld+json\" class=\"yoast-schema-graph\">{\"@context\":\"https:\/\/schema.org\",\"@graph\":[{\"@type\":\"WebPage\",\"@id\":\"https:\/\/saborruralgalicia.com\/politica-cookies\/\",\"url\":\"https:\/\/saborruralgalicia.com\/politica-cookies\/\",\"name\":\"Sabor Rural Galicia - Tienda online de productos alimentarios gourmet\",\"isPartOf\":{\"@id\":\"https:\/\/saborruralgalicia.com\/#website\"},\"datePublished\":\"2020-12-07T09:59:23+00:00\",\"dateModified\":\"2021-11-19T11:26:58+00:00\",\"description\":\"Alimentos gallegos enviados directamente desde sus productores a tu casa. Producci\u00f3n artesanal de vinos, licores, quesos, pulpo, conservas y mucho m\u00e1s.\",\"breadcrumb\":{\"@id\":\"https:\/\/saborruralgalicia.com\/politica-cookies\/#breadcrumb\"},\"inLanguage\":\"en-GB\",\"potentialAction\":[{\"@type\":\"ReadAction\",\"target\":[\"https:\/\/saborruralgalicia.com\/politica-cookies\/\"]}]},{\"@type\":\"BreadcrumbList\",\"@id\":\"https:\/\/saborruralgalicia.com\/politica-cookies\/#breadcrumb\",\"itemListElement\":[{\"@type\":\"ListItem\",\"position\":1,\"name\":\"Inicio\",\"item\":\"https:\/\/saborruralgalicia.com\/\"},{\"@type\":\"ListItem\",\"position\":2,\"name\":\"Pol\u00edtica de Cookies\"}]},{\"@type\":\"WebSite\",\"@id\":\"https:\/\/saborruralgalicia.com\/#website\",\"url\":\"https:\/\/saborruralgalicia.com\/\",\"name\":\"Sabor Rural Galicia\",\"description\":\"Tienda online de productos alimentarios gallegos\",\"publisher\":{\"@id\":\"https:\/\/saborruralgalicia.com\/#organization\"},\"potentialAction\":[{\"@type\":\"SearchAction\",\"target\":{\"@type\":\"EntryPoint\",\"urlTemplate\":\"https:\/\/saborruralgalicia.com\/?s={search_term_string}\"},\"query-input\":{\"@type\":\"PropertyValueSpecification\",\"valueRequired\":true,\"valueName\":\"search_term_string\"}}],\"inLanguage\":\"en-GB\"},{\"@type\":\"Organization\",\"@id\":\"https:\/\/saborruralgalicia.com\/#organization\",\"name\":\"Sabor Rural Galicia\",\"url\":\"https:\/\/saborruralgalicia.com\/\",\"logo\":{\"@type\":\"ImageObject\",\"inLanguage\":\"en-GB\",\"@id\":\"https:\/\/saborruralgalicia.com\/#\/schema\/logo\/image\/\",\"url\":\"https:\/\/saborruralgalicia.com\/wp-content\/uploads\/2021\/11\/srg-mini.png\",\"contentUrl\":\"https:\/\/saborruralgalicia.com\/wp-content\/uploads\/2021\/11\/srg-mini.png\",\"width\":590,\"height\":286,\"caption\":\"Sabor Rural Galicia\"},\"image\":{\"@id\":\"https:\/\/saborruralgalicia.com\/#\/schema\/logo\/image\/\"},\"sameAs\":[\"https:\/\/www.facebook.com\/SaborRuralGalicia\",\"https:\/\/x.com\/SaborRuralGal\",\"https:\/\/www.instagram.com\/saborruralgalicia\/\",\"https:\/\/www.linkedin.com\/company\/sabor-rural-galicia\/\"]}]}<\/script>\n<!-- \/ Yoast SEO plugin. -->","yoast_head_json":{"title":"Sabor Rural Galicia - Tienda online de productos alimentarios gourmet","description":"Alimentos gallegos enviados directamente desde sus productores a tu casa. Producci\u00f3n artesanal de vinos, licores, quesos, pulpo, conservas y mucho m\u00e1s.","robots":{"index":"noindex","follow":"follow","max-snippet":"max-snippet:-1","max-image-preview":"max-image-preview:large","max-video-preview":"max-video-preview:-1"},"og_locale":"en_GB","og_type":"article","og_title":"Sabor Rural Galicia - Tienda online de productos alimentarios gourmet","og_description":"Alimentos gallegos enviados directamente desde sus productores a tu casa. Producci\u00f3n artesanal de vinos, licores, quesos, pulpo, conservas y mucho m\u00e1s.","og_url":"https:\/\/saborruralgalicia.com\/en\/politica-cookies\/","og_site_name":"Sabor Rural Galicia","article_publisher":"https:\/\/www.facebook.com\/SaborRuralGalicia","article_modified_time":"2021-11-19T11:26:58+00:00","og_image":[{"width":590,"height":286,"url":"https:\/\/saborruralgalicia.com\/wp-content\/uploads\/2021\/11\/srg-mini.png","type":"image\/png"}],"twitter_card":"summary_large_image","twitter_site":"@SaborRuralGal","twitter_misc":{"Estimated reading time":"5 minutes"},"schema":{"@context":"https:\/\/schema.org","@graph":[{"@type":"WebPage","@id":"https:\/\/saborruralgalicia.com\/politica-cookies\/","url":"https:\/\/saborruralgalicia.com\/politica-cookies\/","name":"Sabor Rural Galicia - Tienda online de productos alimentarios gourmet","isPartOf":{"@id":"https:\/\/saborruralgalicia.com\/#website"},"datePublished":"2020-12-07T09:59:23+00:00","dateModified":"2021-11-19T11:26:58+00:00","description":"Alimentos gallegos enviados directamente desde sus productores a tu casa. Producci\u00f3n artesanal de vinos, licores, quesos, pulpo, conservas y mucho m\u00e1s.","breadcrumb":{"@id":"https:\/\/saborruralgalicia.com\/politica-cookies\/#breadcrumb"},"inLanguage":"en-GB","potentialAction":[{"@type":"ReadAction","target":["https:\/\/saborruralgalicia.com\/politica-cookies\/"]}]},{"@type":"BreadcrumbList","@id":"https:\/\/saborruralgalicia.com\/politica-cookies\/#breadcrumb","itemListElement":[{"@type":"ListItem","position":1,"name":"Inicio","item":"https:\/\/saborruralgalicia.com\/"},{"@type":"ListItem","position":2,"name":"Pol\u00edtica de Cookies"}]},{"@type":"WebSite","@id":"https:\/\/saborruralgalicia.com\/#website","url":"https:\/\/saborruralgalicia.com\/","name":"Sabor Rural Galicia","description":"Tienda online de productos alimentarios gallegos","publisher":{"@id":"https:\/\/saborruralgalicia.com\/#organization"},"potentialAction":[{"@type":"SearchAction","target":{"@type":"EntryPoint","urlTemplate":"https:\/\/saborruralgalicia.com\/?s={search_term_string}"},"query-input":{"@type":"PropertyValueSpecification","valueRequired":true,"valueName":"search_term_string"}}],"inLanguage":"en-GB"},{"@type":"Organization","@id":"https:\/\/saborruralgalicia.com\/#organization","name":"Sabor Rural Galicia","url":"https:\/\/saborruralgalicia.com\/","logo":{"@type":"ImageObject","inLanguage":"en-GB","@id":"https:\/\/saborruralgalicia.com\/#\/schema\/logo\/image\/","url":"https:\/\/saborruralgalicia.com\/wp-content\/uploads\/2021\/11\/srg-mini.png","contentUrl":"https:\/\/saborruralgalicia.com\/wp-content\/uploads\/2021\/11\/srg-mini.png","width":590,"height":286,"caption":"Sabor Rural Galicia"},"image":{"@id":"https:\/\/saborruralgalicia.com\/#\/schema\/logo\/image\/"},"sameAs":["https:\/\/www.facebook.com\/SaborRuralGalicia","https:\/\/x.com\/SaborRuralGal","https:\/\/www.instagram.com\/saborruralgalicia\/","https:\/\/www.linkedin.com\/company\/sabor-rural-galicia\/"]}]}},"_links":{"self":[{"href":"https:\/\/saborruralgalicia.com\/en\/wp-json\/wp\/v2\/pages\/437","targetHints":{"allow":["GET"]}}],"collection":[{"href":"https:\/\/saborruralgalicia.com\/en\/wp-json\/wp\/v2\/pages"}],"about":[{"href":"https:\/\/saborruralgalicia.com\/en\/wp-json\/wp\/v2\/types\/page"}],"author":[{"embeddable":true,"href":"https:\/\/saborruralgalicia.com\/en\/wp-json\/wp\/v2\/users\/1"}],"replies":[{"embeddable":true,"href":"https:\/\/saborruralgalicia.com\/en\/wp-json\/wp\/v2\/comments?post=437"}],"version-history":[{"count":0,"href":"https:\/\/saborruralgalicia.com\/en\/wp-json\/wp\/v2\/pages\/437\/revisions"}],"wp:attachment":[{"href":"https:\/\/saborruralgalicia.com\/en\/wp-json\/wp\/v2\/media?parent=437"}],"curies":[{"name":"wp","href":"https:\/\/api.w.org\/{rel}","templated":true}]}}