{"id":10467,"date":"2021-09-17T08:08:31","date_gmt":"2021-09-17T08:08:31","guid":{"rendered":"https:\/\/saborrural.es\/?post_type=product&#038;p=10467"},"modified":"2025-07-16T09:13:30","modified_gmt":"2025-07-16T08:13:30","slug":"via-romana-mencia-mendez-rojo","status":"publish","type":"product","link":"https:\/\/saborruralgalicia.com\/en\/tienda\/productores\/mendez-rojo\/via-romana-mencia-mendez-rojo\/","title":{"rendered":"V\u00eda Romana Menc\u00eda &#8211; M\u00e9ndez Rojo"},"content":{"rendered":"<div class=\"wpb-content-wrapper\"><div class=\"vc_row wpb_row vc_row-fluid\"><div class=\"wpb_column vc_column_container vc_col-sm-4\"><div class=\"vc_column-inner\"><div class=\"wpb_wrapper\">\n\t\t<div id=\"wd-608942f71717e\" class=\"title-wrapper wd-wpb wd-set-mb reset-last-child  wd-rs-608942f71717e wd-title-color-default wd-title-style-default text-left vc_custom_1619608324241 wd-underline-colored\">\n\t\t\t\n\t\t\t<div class=\"liner-continer\">\n\t\t\t\t<h4 class=\"woodmart-title-container title  wd-font-weight- wd-fontsize-m\" ><strong>CARACTER\u00cdSTICAS<\/strong><\/h4>\n\t\t\t\t\t\t\t<\/div>\n\t\t\t\n\t\t\t\n\t\t\t\n\t\t<\/div>\n\t\t\n\t\t\n\t<div class=\"wpb_text_column wpb_content_element\" >\n\t\t<div class=\"wpb_wrapper\">\n\t\t\t<p>Botella<strong>\u00a0VIA ROMANA MENC\u00cdA<\/strong><\/p>\n<ul>\n<li><strong>D.O Ribeira Sacra<\/strong><\/li>\n<li><strong>100% Menc\u00eda<\/strong><\/li>\n<li>Certificado como\u00a0<strong>vegano<\/strong>.<\/li>\n<\/ul>\n\n\t\t<\/div>\n\t<\/div>\n<\/div><\/div><\/div><div class=\"wpb_column vc_column_container vc_col-sm-4\"><div class=\"vc_column-inner\"><div class=\"wpb_wrapper\">\n\t\t<div id=\"wd-61445260aa2cd\" class=\"title-wrapper wd-wpb wd-set-mb reset-last-child  wd-rs-61445260aa2cd wd-title-color-default wd-title-style-default text-left vc_custom_1631867492535 wd-underline-colored\">\n\t\t\t\n\t\t\t<div class=\"liner-continer\">\n\t\t\t\t<h4 class=\"woodmart-title-container title  wd-font-weight- wd-fontsize-m\" ><strong>CATA<\/strong><\/h4>\n\t\t\t\t\t\t\t<\/div>\n\t\t\t\n\t\t\t\n\t\t\t\n\t\t<\/div>\n\t\t\n\t\t\n\t<div class=\"wpb_text_column wpb_content_element vc_custom_1631867627856\" >\n\t\t<div class=\"wpb_wrapper\">\n\t\t\t<p><strong>Vista: <\/strong>de color rojo picota intenso y tonos viol\u00e1ceos. Limpio y brillante.<\/p>\n<p><strong>Olfato: <\/strong>de nariz franca. Aromas varietales muy intensos a fresas y gro- sellas negras, con notas florales y l\u00e1cticas. Bals\u00e1mico y mineral.<\/p>\n<p><strong>Gusto<\/strong>: amable, respetuoso y sutil. Fresco, mineral y con notas bals\u00e1micas. Con fruta roja ba\u00f1ada en chocolate y notas de regaliz.<\/p>\n\n\t\t<\/div>\n\t<\/div>\n\n\t<div class=\"wpb_text_column wpb_content_element\" >\n\t\t<div class=\"wpb_wrapper\">\n\t\t\t\n\t\t<\/div>\n\t<\/div>\n<\/div><\/div><\/div><div class=\"wpb_column vc_column_container vc_col-sm-4\"><div class=\"vc_column-inner\"><div class=\"wpb_wrapper\">\n\t\t<div id=\"wd-6274fc0b29137\" class=\"title-wrapper wd-wpb wd-set-mb reset-last-child  wd-rs-6274fc0b29137 wd-title-color-default wd-title-style-default text-left vc_custom_1651833873633 wd-underline-colored\">\n\t\t\t\n\t\t\t<div class=\"liner-continer\">\n\t\t\t\t<h4 class=\"woodmart-title-container title  wd-font-weight- wd-fontsize-m\" ><strong>M\u00c9NDEZ ROJO<\/strong><\/h4>\n\t\t\t\t\t\t\t<\/div>\n\t\t\t\n\t\t\t\n\t\t\t\n\t\t<\/div>\n\t\t\n\t\t\n\t<div class=\"wpb_text_column wpb_content_element\" >\n\t\t<div class=\"wpb_wrapper\">\n\t\t\t<p>Solo con ilusi\u00f3n, tes\u00f3n y mucho esfuerzo se alcanzan los sue\u00f1os. Hace m\u00e1s de 80 a\u00f1os que comenz\u00f3 la gestaci\u00f3n de este proyecto en el que los que ahora estamos ponemos nuestro granito de arena para que las siguientes generaciones puedan continuar con la labor de nuestros ancestros.<\/p>\n\n\t\t<\/div>\n\t<\/div>\n<div id=\"wd-62a06f54518b4\" class=\"wd-rs-62a06f54518b4  wd-button-wrapper text-center\"><a href=\"https:\/\/saborruralgalicia.com\/en\/nuestros-productores\/mendez-rojo\/\" title=\"\" target=\"_blank\" style=\"--btn-color:#fff;--btn-color-hover:#fff;\" class=\"btn btn-style-default btn-shape-rectangle btn-size-default\">CON\u00d3CENOS<\/a><\/div><div class=\"vc_empty_space\"   style=\"height: 32px\"><span class=\"vc_empty_space_inner\"><\/span><\/div><\/div><\/div><\/div><\/div><div class=\"vc_row wpb_row vc_row-fluid\"><div class=\"wpb_column vc_column_container vc_col-sm-12\"><div class=\"vc_column-inner\"><div class=\"wpb_wrapper\"><div class=\"vc_row wpb_row vc_inner vc_row-fluid\"><div class=\"wpb_column vc_column_container vc_col-sm-12\"><div class=\"vc_column-inner\"><div class=\"wpb_wrapper\"><div class=\"vc_separator wpb_content_element vc_separator_align_center vc_sep_width_100 vc_sep_pos_align_center vc_separator_no_text vc_sep_color_grey\" ><span class=\"vc_sep_holder vc_sep_holder_l\"><span class=\"vc_sep_line\"><\/span><\/span><span class=\"vc_sep_holder vc_sep_holder_r\"><span class=\"vc_sep_line\"><\/span><\/span>\n<\/div>\n\t\t<div id=\"wd-61444f3f20241\" class=\"title-wrapper wd-wpb wd-set-mb reset-last-child  wd-rs-61444f3f20241 wd-title-color-default wd-title-style-default text-left  wd-underline-colored\">\n\t\t\t\n\t\t\t<div class=\"liner-continer\">\n\t\t\t\t<h4 class=\"woodmart-title-container title  wd-font-weight- wd-fontsize-l\" >OTROS PRODUCTOS DE M\u00c9NDEZ ROJO<\/h4>\n\t\t\t\t\t\t\t<\/div>\n\t\t\t\n\t\t\t\n\t\t\t\n\t\t<\/div>\n\t\t\n\t\t<\/div><\/div><\/div><\/div><\/div><\/div><\/div><\/div><div class=\"vc_row wpb_row vc_row-fluid\"><div class=\"wpb_column vc_column_container vc_col-sm-12\"><div class=\"vc_column-inner\"><div class=\"wpb_wrapper\"><div class=\"vc_row wpb_row vc_inner vc_row-fluid\"><div class=\"wpb_column vc_column_container vc_col-sm-12\"><div class=\"vc_column-inner\"><div class=\"wpb_wrapper\"><div class=\"vc_separator wpb_content_element vc_separator_align_center vc_sep_width_100 vc_sep_pos_align_center vc_separator_no_text vc_sep_color_grey\" ><span class=\"vc_sep_holder vc_sep_holder_l\"><span class=\"vc_sep_line\"><\/span><\/span><span class=\"vc_sep_holder vc_sep_holder_r\"><span class=\"vc_sep_line\"><\/span><\/span>\n<\/div>\n\t\t<div id=\"wd-61444f5bf15c5\" class=\"title-wrapper wd-wpb wd-set-mb reset-last-child  wd-rs-61444f5bf15c5 wd-title-color-primary wd-title-style-simple text-left  wd-underline-colored\">\n\t\t\t\n\t\t\t<div class=\"liner-continer\">\n\t\t\t\t<h4 class=\"woodmart-title-container title  wd-font-weight- wd-fontsize-l\" >ESTE VINO COMBINA GENIAL CON<\/h4>\n\t\t\t\t\t\t\t<\/div>\n\t\t\t\n\t\t\t\n\t\t\t\n\t\t<\/div>\n\t\t\n\t\t\t\t\t<div id=\"carousel-164\" class=\"wd-carousel-container  wd-wpb  wd-products-element wd-products products title-line-two\">\n\t\t\t\t\n\t\t\t\t\n\t\t\t\t<div class=\"wd-carousel-inner\">\n\t\t\t\t\t<div class=\"wd-carousel wd-grid\" data-speed=\"3000\" data-wrap=\"yes\" data-autoplay=\"yes\" data-scroll_per_page=\"yes\" data-center_mode=\"yes\" style=\"--wd-col-lg:5;--wd-col-md:4;--wd-col-sm:2;--wd-gap-lg:20px;--wd-gap-sm:10px;\">\n\t\t\t\t\t\t<div class=\"wd-carousel-wrap\">\n\t\t\t\t\t\t\t\t\t<div class=\"wd-carousel-item\">\n\t\t\t\t\t\t\t\t\t\t\t<div class=\"wd-product wd-with-labels wd-hover-standard product-grid-item product type-product post-9329 status-publish outofstock product_cat-pasteleria product_cat-reposteria has-post-thumbnail shipping-taxable product-type-variable\" data-loop=\"1\" data-id=\"9329\">\n\t\t\t\t\n\t\n<div class=\"product-wrapper\">\n\t<div class=\"product-element-top wd-quick-shop\">\n\t\t<a href=\"https:\/\/saborruralgalicia.com\/en\/tienda\/reposteria\/pasteleria\/roscon-vilalba-a-confianza\/\" class=\"product-image-link\" aria-label=\"Rosc\u00f3n de Vilalba &#8211; Pasteler\u00eda A Confianza\">\n\t\t\t<div class=\"product-labels labels-rectangular\"><span class=\"out-of-stock product-label\">Sold out<\/span><\/div><img loading=\"lazy\" decoding=\"async\" width=\"600\" height=\"600\" src=\"https:\/\/saborruralgalicia.com\/wp-content\/uploads\/2021\/07\/vilalbaroscon-AC-600x600.png\" class=\"attachment-woocommerce_thumbnail size-woocommerce_thumbnail\" alt=\"vilalbaroscon AC\" srcset=\"https:\/\/saborruralgalicia.com\/wp-content\/uploads\/2021\/07\/vilalbaroscon-AC-600x600.png 600w, https:\/\/saborruralgalicia.com\/wp-content\/uploads\/2021\/07\/vilalbaroscon-AC-small.png 300w, https:\/\/saborruralgalicia.com\/wp-content\/uploads\/2021\/07\/vilalbaroscon-AC-150x150.png 150w\" sizes=\"auto, (max-width: 600px) 100vw, 600px\" \/>\t\t<\/a>\n\n\t\t\n\t\t<div class=\"wd-buttons wd-pos-r-t\">\n\t\t\t\t\t\t\t\t\t\t\t\t\t\t<\/div>\n\t<\/div>\n\n\t\n\t\n\t<h3 class=\"wd-entities-title\"><a href=\"https:\/\/saborruralgalicia.com\/en\/tienda\/reposteria\/pasteleria\/roscon-vilalba-a-confianza\/\">Rosc\u00f3n de Vilalba &#8211; Pasteler\u00eda A Confianza<\/a><\/h3>\n\t\t\t<div class=\"wd-product-cats\">\n\t\t\t<a href=\"https:\/\/saborruralgalicia.com\/en\/tienda\/categoria\/reposteria\/\" rel=\"tag\">Reposter\u00eda<\/a>, <a href=\"https:\/\/saborruralgalicia.com\/en\/tienda\/categoria\/reposteria\/pasteleria\/\" rel=\"tag\">Pasteler\u00eda<\/a>\t\t<\/div>\n\t\t\t\t\n\t\n\t<span class=\"price\"><span class=\"woocommerce-Price-amount amount\" aria-hidden=\"true\"><bdi>12.00&nbsp;<span class=\"woocommerce-Price-currencySymbol\">&euro;<\/span><\/bdi><\/span> <span aria-hidden=\"true\">&ndash;<\/span> <span class=\"woocommerce-Price-amount amount\" aria-hidden=\"true\"><bdi>33.00&nbsp;<span class=\"woocommerce-Price-currencySymbol\">&euro;<\/span><\/bdi><\/span><span class=\"screen-reader-text\" data-no-translation=\"\" data-trp-gettext=\"\">Price range: 12.00&nbsp;&euro; through 33.00&nbsp;&euro;<\/span><\/span>\n\n\t<div class=\"wd-add-btn wd-add-btn-replace\">\n\t\t\n\t\t\t<\/div>\n\n\t<span class=\"gtm4wp_productdata\" style=\"display:none; visibility:hidden;\" data-gtm4wp_product_data=\"{&quot;internal_id&quot;:9329,&quot;item_id&quot;:9329,&quot;item_name&quot;:&quot;Rosc\\u00f3n de Vilalba - Pasteler\\u00eda A Confianza&quot;,&quot;sku&quot;:&quot;SR-REP-ACO06&quot;,&quot;price&quot;:0,&quot;stocklevel&quot;:null,&quot;stockstatus&quot;:&quot;outofstock&quot;,&quot;google_business_vertical&quot;:&quot;retail&quot;,&quot;item_category&quot;:&quot;Reposter\\u00eda&quot;,&quot;id&quot;:9329,&quot;item_brand&quot;:&quot;A Confianza&quot;,&quot;productlink&quot;:&quot;https:\\\/\\\/saborruralgalicia.com\\\/en\\\/tienda\\\/reposteria\\\/pasteleria\\\/roscon-vilalba-a-confianza\\\/&quot;,&quot;item_list_name&quot;:&quot;General Product List&quot;,&quot;index&quot;:2,&quot;product_type&quot;:&quot;variable&quot;}\"><\/span>\n\t\n\t\t<\/div>\n<\/div>\n\t\t\t\t\t<\/div>\n\t\t\t\t\t\t\t\t<\/div>\n\t\t\t\t\t<\/div>\n\n\t\t\t\t\t\t\t<div class=\"wd-nav-arrows wd-pos-sep wd-icon-1\">\n\t\t\t<div class=\"wd-btn-arrow wd-prev wd-disabled\">\n\t\t\t\t<div class=\"wd-arrow-inner\"><\/div>\n\t\t\t<\/div>\n\t\t\t<div class=\"wd-btn-arrow wd-next\">\n\t\t\t\t<div class=\"wd-arrow-inner\"><\/div>\n\t\t\t<\/div>\n\t\t<\/div>\n\t\t\t\t\t\t<\/div>\n\n\t\t\t\t\t\t<div class=\"wd-nav-pagin-wrap text-center wd-style-shape wd-hide-md-sm wd-hide-sm\">\n\t\t\t<ul class=\"wd-nav-pagin\"><\/ul>\n\t\t<\/div>\n\t\t\t\t\t\t\t\t\t<\/div>\n\t\t\t<\/div><\/div><\/div><\/div><\/div><\/div><\/div><\/div>\n<\/div>","protected":false},"excerpt":{"rendered":"<p>El mimo y el saber hacer de una tradici\u00f3n familiar lo convierten en <strong>uno de los tintos gallegos m\u00e1s prestigiosos<\/strong>. V\u00eda Romana ofrece la esencia de la tierra donde crece. <strong>Vendimia manual<\/strong>, seguida de despalillado y descarga por gravedad a los dep\u00f3sitos de fermentaci\u00f3n. La fermentaci\u00f3n alcoh\u00f3lica se realiza a temperatura controlada 24-26\u00baC tras la cual se realiza la fermentaci\u00f3n malol\u00e1ctica. Limpio y brillante. De nariz franca. Aromas varietales muy intensos a fresas y grosellas negras, con notas forales y l\u00e1cteas. Bals\u00e1mico y mineral.<\/p>","protected":false},"featured_media":15065,"template":"","meta":{"_acf_changed":false},"product_brand":[],"product_cat":[328,80,333,338,315,330],"product_tag":[],"class_list":{"0":"post-10467","1":"product","2":"type-product","3":"status-publish","4":"has-post-thumbnail","6":"product_cat-denominacion-de-origen","7":"product_cat-ribeira-sacra","8":"product_cat-productores","9":"product_cat-mendez-rojo","10":"product_cat-vinos","11":"product_cat-tinto","12":"product_shipping_class-mendez-rojo","13":"pa_marca-mendez-rojo","15":"first","16":"outofstock","17":"shipping-taxable","18":"purchasable","19":"product-type-simple"},"better_featured_image":{"id":15065,"alt_text":"newviaromanamencia mendezrojo","caption":"newviaromanamencia mendezrojo","description":"newviaromanamencia mendezrojo","media_type":"image","media_details":{"width":700,"height":800,"file":"2021\/09\/newviaromanamencia-mendezrojo.png","filesize":123091,"sizes":{"medium":{"file":"newviaromanamencia-mendezrojo-medium.png","width":525,"height":600,"source_url":"https:\/\/saborruralgalicia.com\/wp-content\/uploads\/2021\/09\/newviaromanamencia-mendezrojo-medium.png"},"thumbnail":{"file":"newviaromanamencia-mendezrojo-small.png","width":300,"height":300,"source_url":"https:\/\/saborruralgalicia.com\/wp-content\/uploads\/2021\/09\/newviaromanamencia-mendezrojo-small.png"},"large":{"file":"newviaromanamencia-mendezrojo-large.png","width":700,"height":800,"source_url":"https:\/\/saborruralgalicia.com\/wp-content\/uploads\/2021\/09\/newviaromanamencia-mendezrojo-large.png"},"woocommerce_thumbnail":{"file":"newviaromanamencia-mendezrojo-600x600.png","width":600,"height":600,"mime-type":"image\/png","uncropped":false,"source_url":"https:\/\/saborruralgalicia.com\/wp-content\/uploads\/2021\/09\/newviaromanamencia-mendezrojo-600x600.png"},"woocommerce_gallery_thumbnail":{"file":"newviaromanamencia-mendezrojo-150x171.png","width":150,"height":171,"mime-type":"image\/png","source_url":"https:\/\/saborruralgalicia.com\/wp-content\/uploads\/2021\/09\/newviaromanamencia-mendezrojo-150x171.png"},"medium_old_263x300":{"file":"newviaromanamencia-mendezrojo-263x300.png","width":263,"height":300,"mime-type":"image\/png","source_url":"https:\/\/saborruralgalicia.com\/wp-content\/uploads\/2021\/09\/newviaromanamencia-mendezrojo-263x300.png"},"thumbnail_old_150x150":{"file":"newviaromanamencia-mendezrojo-150x150.png","width":150,"height":150,"mime-type":"image\/png","source_url":"https:\/\/saborruralgalicia.com\/wp-content\/uploads\/2021\/09\/newviaromanamencia-mendezrojo-150x150.png"},"shop_catalog":{"file":"newviaromanamencia-mendezrojo-600x600.png","width":600,"height":600,"mime-type":"image\/png","source_url":"https:\/\/saborruralgalicia.com\/wp-content\/uploads\/2021\/09\/newviaromanamencia-mendezrojo-600x600.png"},"shop_thumbnail":{"file":"newviaromanamencia-mendezrojo-150x171.png","width":150,"height":171,"mime-type":"image\/png","source_url":"https:\/\/saborruralgalicia.com\/wp-content\/uploads\/2021\/09\/newviaromanamencia-mendezrojo-150x171.png"}},"image_meta":{"aperture":"0","credit":"","camera":"","caption":"","created_timestamp":"0","copyright":"","focal_length":"0","iso":"0","shutter_speed":"0","title":"","orientation":"0","keywords":[]}},"post":10467,"source_url":"https:\/\/saborruralgalicia.com\/wp-content\/uploads\/2021\/09\/newviaromanamencia-mendezrojo.png"},"acf":[],"yoast_head":"<!-- This site is optimized with the Yoast SEO plugin v26.1.1 - https:\/\/yoast.com\/wordpress\/plugins\/seo\/ -->\n<title>V\u00eda Romana Menc\u00eda - M\u00e9ndez Rojo - Sabor Rural Galicia<\/title>\n<meta name=\"description\" content=\"Sabor Rural Galicia es la gran tienda online de productos gourmet gallegos. Una selecci\u00f3n de alimentos de calidad que recupera los olores y sabores de anta\u00f1o junto con una exclusiva propuesta de experiencias tur\u00edsticas y gastron\u00f3micas.\" \/>\n<meta name=\"robots\" content=\"noindex, follow, max-snippet:-1, max-image-preview:large, max-video-preview:-1\" \/>\n<meta property=\"og:locale\" content=\"en_GB\" \/>\n<meta property=\"og:type\" content=\"article\" \/>\n<meta property=\"og:title\" content=\"V\u00eda Romana Menc\u00eda - M\u00e9ndez Rojo - Sabor Rural Galicia\" \/>\n<meta property=\"og:description\" content=\"Sabor Rural Galicia es la gran tienda online de productos gourmet gallegos. Una selecci\u00f3n de alimentos de calidad que recupera los olores y sabores de anta\u00f1o junto con una exclusiva propuesta de experiencias tur\u00edsticas y gastron\u00f3micas.\" \/>\n<meta property=\"og:url\" content=\"https:\/\/saborruralgalicia.com\/en\/tienda\/productores\/mendez-rojo\/via-romana-mencia-mendez-rojo\/\" \/>\n<meta property=\"og:site_name\" content=\"Sabor Rural Galicia\" \/>\n<meta property=\"article:publisher\" content=\"https:\/\/www.facebook.com\/SaborRuralGalicia\" \/>\n<meta property=\"article:modified_time\" content=\"2025-07-16T08:13:30+00:00\" \/>\n<meta property=\"og:image\" content=\"https:\/\/saborruralgalicia.com\/wp-content\/uploads\/2021\/09\/newviaromanamencia-mendezrojo.png\" \/>\n\t<meta property=\"og:image:width\" content=\"700\" \/>\n\t<meta property=\"og:image:height\" content=\"800\" \/>\n\t<meta property=\"og:image:type\" content=\"image\/png\" \/>\n<meta name=\"twitter:card\" content=\"summary_large_image\" \/>\n<meta name=\"twitter:site\" content=\"@SaborRuralGal\" \/>\n<meta name=\"twitter:label1\" content=\"Estimated reading time\" \/>\n\t<meta name=\"twitter:data1\" content=\"2 minutes\" \/>\n<script type=\"application\/ld+json\" class=\"yoast-schema-graph\">{\"@context\":\"https:\/\/schema.org\",\"@graph\":[{\"@type\":\"WebPage\",\"@id\":\"https:\/\/saborruralgalicia.com\/tienda\/productores\/mendez-rojo\/via-romana-mencia-mendez-rojo\/\",\"url\":\"https:\/\/saborruralgalicia.com\/tienda\/productores\/mendez-rojo\/via-romana-mencia-mendez-rojo\/\",\"name\":\"V\u00eda Romana Menc\u00eda - M\u00e9ndez Rojo - Sabor Rural Galicia\",\"isPartOf\":{\"@id\":\"https:\/\/saborruralgalicia.com\/#website\"},\"primaryImageOfPage\":{\"@id\":\"https:\/\/saborruralgalicia.com\/tienda\/productores\/mendez-rojo\/via-romana-mencia-mendez-rojo\/#primaryimage\"},\"image\":{\"@id\":\"https:\/\/saborruralgalicia.com\/tienda\/productores\/mendez-rojo\/via-romana-mencia-mendez-rojo\/#primaryimage\"},\"thumbnailUrl\":\"https:\/\/saborruralgalicia.com\/wp-content\/uploads\/2021\/09\/newviaromanamencia-mendezrojo.png\",\"datePublished\":\"2021-09-17T08:08:31+00:00\",\"dateModified\":\"2025-07-16T08:13:30+00:00\",\"description\":\"Sabor Rural Galicia es la gran tienda online de productos gourmet gallegos. Una selecci\u00f3n de alimentos de calidad que recupera los olores y sabores de anta\u00f1o junto con una exclusiva propuesta de experiencias tur\u00edsticas y gastron\u00f3micas.\",\"breadcrumb\":{\"@id\":\"https:\/\/saborruralgalicia.com\/tienda\/productores\/mendez-rojo\/via-romana-mencia-mendez-rojo\/#breadcrumb\"},\"inLanguage\":\"en-GB\",\"potentialAction\":[{\"@type\":\"ReadAction\",\"target\":[\"https:\/\/saborruralgalicia.com\/tienda\/productores\/mendez-rojo\/via-romana-mencia-mendez-rojo\/\"]}]},{\"@type\":\"ImageObject\",\"inLanguage\":\"en-GB\",\"@id\":\"https:\/\/saborruralgalicia.com\/tienda\/productores\/mendez-rojo\/via-romana-mencia-mendez-rojo\/#primaryimage\",\"url\":\"https:\/\/saborruralgalicia.com\/wp-content\/uploads\/2021\/09\/newviaromanamencia-mendezrojo.png\",\"contentUrl\":\"https:\/\/saborruralgalicia.com\/wp-content\/uploads\/2021\/09\/newviaromanamencia-mendezrojo.png\",\"width\":700,\"height\":800,\"caption\":\"newviaromanamencia mendezrojo\"},{\"@type\":\"BreadcrumbList\",\"@id\":\"https:\/\/saborruralgalicia.com\/tienda\/productores\/mendez-rojo\/via-romana-mencia-mendez-rojo\/#breadcrumb\",\"itemListElement\":[{\"@type\":\"ListItem\",\"position\":1,\"name\":\"Inicio\",\"item\":\"https:\/\/saborruralgalicia.com\/\"},{\"@type\":\"ListItem\",\"position\":2,\"name\":\"Tienda\",\"item\":\"https:\/\/saborruralgalicia.com\/tienda\/\"},{\"@type\":\"ListItem\",\"position\":3,\"name\":\"V\u00eda Romana Menc\u00eda &#8211; M\u00e9ndez Rojo\"}]},{\"@type\":\"WebSite\",\"@id\":\"https:\/\/saborruralgalicia.com\/#website\",\"url\":\"https:\/\/saborruralgalicia.com\/\",\"name\":\"Sabor Rural Galicia\",\"description\":\"Tienda online de productos alimentarios gallegos\",\"publisher\":{\"@id\":\"https:\/\/saborruralgalicia.com\/#organization\"},\"potentialAction\":[{\"@type\":\"SearchAction\",\"target\":{\"@type\":\"EntryPoint\",\"urlTemplate\":\"https:\/\/saborruralgalicia.com\/?s={search_term_string}\"},\"query-input\":{\"@type\":\"PropertyValueSpecification\",\"valueRequired\":true,\"valueName\":\"search_term_string\"}}],\"inLanguage\":\"en-GB\"},{\"@type\":\"Organization\",\"@id\":\"https:\/\/saborruralgalicia.com\/#organization\",\"name\":\"Sabor Rural Galicia\",\"url\":\"https:\/\/saborruralgalicia.com\/\",\"logo\":{\"@type\":\"ImageObject\",\"inLanguage\":\"en-GB\",\"@id\":\"https:\/\/saborruralgalicia.com\/#\/schema\/logo\/image\/\",\"url\":\"https:\/\/saborruralgalicia.com\/wp-content\/uploads\/2021\/11\/srg-mini.png\",\"contentUrl\":\"https:\/\/saborruralgalicia.com\/wp-content\/uploads\/2021\/11\/srg-mini.png\",\"width\":590,\"height\":286,\"caption\":\"Sabor Rural Galicia\"},\"image\":{\"@id\":\"https:\/\/saborruralgalicia.com\/#\/schema\/logo\/image\/\"},\"sameAs\":[\"https:\/\/www.facebook.com\/SaborRuralGalicia\",\"https:\/\/x.com\/SaborRuralGal\",\"https:\/\/www.instagram.com\/saborruralgalicia\/\",\"https:\/\/www.linkedin.com\/company\/sabor-rural-galicia\/\"]}]}<\/script>\n<!-- \/ Yoast SEO plugin. -->","yoast_head_json":{"title":"V\u00eda Romana Menc\u00eda - M\u00e9ndez Rojo - Sabor Rural Galicia","description":"Sabor Rural Galicia es la gran tienda online de productos gourmet gallegos. Una selecci\u00f3n de alimentos de calidad que recupera los olores y sabores de anta\u00f1o junto con una exclusiva propuesta de experiencias tur\u00edsticas y gastron\u00f3micas.","robots":{"index":"noindex","follow":"follow","max-snippet":"max-snippet:-1","max-image-preview":"max-image-preview:large","max-video-preview":"max-video-preview:-1"},"og_locale":"en_GB","og_type":"article","og_title":"V\u00eda Romana Menc\u00eda - M\u00e9ndez Rojo - Sabor Rural Galicia","og_description":"Sabor Rural Galicia es la gran tienda online de productos gourmet gallegos. Una selecci\u00f3n de alimentos de calidad que recupera los olores y sabores de anta\u00f1o junto con una exclusiva propuesta de experiencias tur\u00edsticas y gastron\u00f3micas.","og_url":"https:\/\/saborruralgalicia.com\/en\/tienda\/productores\/mendez-rojo\/via-romana-mencia-mendez-rojo\/","og_site_name":"Sabor Rural Galicia","article_publisher":"https:\/\/www.facebook.com\/SaborRuralGalicia","article_modified_time":"2025-07-16T08:13:30+00:00","og_image":[{"width":700,"height":800,"url":"https:\/\/saborruralgalicia.com\/wp-content\/uploads\/2021\/09\/newviaromanamencia-mendezrojo.png","type":"image\/png"}],"twitter_card":"summary_large_image","twitter_site":"@SaborRuralGal","twitter_misc":{"Estimated reading time":"2 minutes"},"schema":{"@context":"https:\/\/schema.org","@graph":[{"@type":"WebPage","@id":"https:\/\/saborruralgalicia.com\/tienda\/productores\/mendez-rojo\/via-romana-mencia-mendez-rojo\/","url":"https:\/\/saborruralgalicia.com\/tienda\/productores\/mendez-rojo\/via-romana-mencia-mendez-rojo\/","name":"V\u00eda Romana Menc\u00eda - M\u00e9ndez Rojo - Sabor Rural Galicia","isPartOf":{"@id":"https:\/\/saborruralgalicia.com\/#website"},"primaryImageOfPage":{"@id":"https:\/\/saborruralgalicia.com\/tienda\/productores\/mendez-rojo\/via-romana-mencia-mendez-rojo\/#primaryimage"},"image":{"@id":"https:\/\/saborruralgalicia.com\/tienda\/productores\/mendez-rojo\/via-romana-mencia-mendez-rojo\/#primaryimage"},"thumbnailUrl":"https:\/\/saborruralgalicia.com\/wp-content\/uploads\/2021\/09\/newviaromanamencia-mendezrojo.png","datePublished":"2021-09-17T08:08:31+00:00","dateModified":"2025-07-16T08:13:30+00:00","description":"Sabor Rural Galicia es la gran tienda online de productos gourmet gallegos. Una selecci\u00f3n de alimentos de calidad que recupera los olores y sabores de anta\u00f1o junto con una exclusiva propuesta de experiencias tur\u00edsticas y gastron\u00f3micas.","breadcrumb":{"@id":"https:\/\/saborruralgalicia.com\/tienda\/productores\/mendez-rojo\/via-romana-mencia-mendez-rojo\/#breadcrumb"},"inLanguage":"en-GB","potentialAction":[{"@type":"ReadAction","target":["https:\/\/saborruralgalicia.com\/tienda\/productores\/mendez-rojo\/via-romana-mencia-mendez-rojo\/"]}]},{"@type":"ImageObject","inLanguage":"en-GB","@id":"https:\/\/saborruralgalicia.com\/tienda\/productores\/mendez-rojo\/via-romana-mencia-mendez-rojo\/#primaryimage","url":"https:\/\/saborruralgalicia.com\/wp-content\/uploads\/2021\/09\/newviaromanamencia-mendezrojo.png","contentUrl":"https:\/\/saborruralgalicia.com\/wp-content\/uploads\/2021\/09\/newviaromanamencia-mendezrojo.png","width":700,"height":800,"caption":"newviaromanamencia mendezrojo"},{"@type":"BreadcrumbList","@id":"https:\/\/saborruralgalicia.com\/tienda\/productores\/mendez-rojo\/via-romana-mencia-mendez-rojo\/#breadcrumb","itemListElement":[{"@type":"ListItem","position":1,"name":"Inicio","item":"https:\/\/saborruralgalicia.com\/"},{"@type":"ListItem","position":2,"name":"Tienda","item":"https:\/\/saborruralgalicia.com\/tienda\/"},{"@type":"ListItem","position":3,"name":"V\u00eda Romana Menc\u00eda &#8211; M\u00e9ndez Rojo"}]},{"@type":"WebSite","@id":"https:\/\/saborruralgalicia.com\/#website","url":"https:\/\/saborruralgalicia.com\/","name":"Sabor Rural Galicia","description":"Tienda online de productos alimentarios gallegos","publisher":{"@id":"https:\/\/saborruralgalicia.com\/#organization"},"potentialAction":[{"@type":"SearchAction","target":{"@type":"EntryPoint","urlTemplate":"https:\/\/saborruralgalicia.com\/?s={search_term_string}"},"query-input":{"@type":"PropertyValueSpecification","valueRequired":true,"valueName":"search_term_string"}}],"inLanguage":"en-GB"},{"@type":"Organization","@id":"https:\/\/saborruralgalicia.com\/#organization","name":"Sabor Rural Galicia","url":"https:\/\/saborruralgalicia.com\/","logo":{"@type":"ImageObject","inLanguage":"en-GB","@id":"https:\/\/saborruralgalicia.com\/#\/schema\/logo\/image\/","url":"https:\/\/saborruralgalicia.com\/wp-content\/uploads\/2021\/11\/srg-mini.png","contentUrl":"https:\/\/saborruralgalicia.com\/wp-content\/uploads\/2021\/11\/srg-mini.png","width":590,"height":286,"caption":"Sabor Rural Galicia"},"image":{"@id":"https:\/\/saborruralgalicia.com\/#\/schema\/logo\/image\/"},"sameAs":["https:\/\/www.facebook.com\/SaborRuralGalicia","https:\/\/x.com\/SaborRuralGal","https:\/\/www.instagram.com\/saborruralgalicia\/","https:\/\/www.linkedin.com\/company\/sabor-rural-galicia\/"]}]}},"_links":{"self":[{"href":"https:\/\/saborruralgalicia.com\/en\/wp-json\/wp\/v2\/product\/10467","targetHints":{"allow":["GET"]}}],"collection":[{"href":"https:\/\/saborruralgalicia.com\/en\/wp-json\/wp\/v2\/product"}],"about":[{"href":"https:\/\/saborruralgalicia.com\/en\/wp-json\/wp\/v2\/types\/product"}],"wp:featuredmedia":[{"embeddable":true,"href":"https:\/\/saborruralgalicia.com\/en\/wp-json\/wp\/v2\/media\/15065"}],"wp:attachment":[{"href":"https:\/\/saborruralgalicia.com\/en\/wp-json\/wp\/v2\/media?parent=10467"}],"wp:term":[{"taxonomy":"product_brand","embeddable":true,"href":"https:\/\/saborruralgalicia.com\/en\/wp-json\/wp\/v2\/product_brand?post=10467"},{"taxonomy":"product_cat","embeddable":true,"href":"https:\/\/saborruralgalicia.com\/en\/wp-json\/wp\/v2\/product_cat?post=10467"},{"taxonomy":"product_tag","embeddable":true,"href":"https:\/\/saborruralgalicia.com\/en\/wp-json\/wp\/v2\/product_tag?post=10467"}],"curies":[{"name":"wp","href":"https:\/\/api.w.org\/{rel}","templated":true}]}}